{"id":7653,"date":"2025-08-22T13:13:39","date_gmt":"2025-08-22T17:13:39","guid":{"rendered":"https:\/\/tcmtl.com\/?post_type=product&#038;p=7653"},"modified":"2025-08-22T14:00:03","modified_gmt":"2025-08-22T18:00:03","slug":"adhesion-retraitee","status":"publish","type":"product","link":"https:\/\/tcmtl.com\/fr\/produit\/adhesion-retraitee\/","title":{"rendered":"Adh\u00e9sion Retrait\u00e9e"},"content":{"rendered":"<ul>\n<li>Tarif d'adh\u00e9sion r\u00e9duit<\/li>\n<li>Valide pour 1 membre seulement<\/li>\n<li>Acc\u00e8s au directoire des membres<\/li>\n<li>Infolettre du club<\/li>\n<li>Acc\u00e8s aux billets d'\u00e9v\u00e9nements<\/li>\n<li>Achats de billets\/tables limit\u00e9s<\/li>\n<\/ul>\n","protected":false},"excerpt":{"rendered":"<ul>\n<li>Tarif d&#8217;adh\u00e9sion r\u00e9duit<\/li>\n<li>Valide pour 1 membre seulement<\/li>\n<li>Acc\u00e8s au directoire des membres<\/li>\n<li>Infolettre du club<\/li>\n<li>Acc\u00e8s aux billets d&#8217;\u00e9v\u00e9nements<\/li>\n<li>Achats de billets\/tables limit\u00e9s<\/li>\n<\/ul>\n","protected":false},"featured_media":0,"template":"","meta":{"_acf_changed":false},"product_brand":[],"product_cat":[71],"product_tag":[],"class_list":{"0":"post-7653","1":"product","2":"type-product","3":"status-publish","5":"product_cat-non-categorise","7":"first","8":"instock","9":"virtual","10":"sold-individually","11":"taxable","12":"purchasable","13":"product-type-subscription"},"acf":[],"yoast_head":"<!-- This site is optimized with the Yoast SEO plugin v27.2 - https:\/\/yoast.com\/product\/yoast-seo-wordpress\/ -->\n<title>Adh\u00e9sion Retrait\u00e9e - The Traffic Club of Montreal<\/title>\n<meta name=\"robots\" content=\"index, follow, max-snippet:-1, max-image-preview:large, max-video-preview:-1\" \/>\n<link rel=\"canonical\" href=\"https:\/\/tcmtl.com\/fr\/produit\/adhesion-retraitee\/\" \/>\n<meta property=\"og:locale\" content=\"fr_CA\" \/>\n<meta property=\"og:type\" content=\"article\" \/>\n<meta property=\"og:title\" content=\"Adh\u00e9sion Retrait\u00e9e - The Traffic Club of Montreal\" \/>\n<meta property=\"og:description\" content=\"Tarif d&#039;adh\u00e9sion r\u00e9duit  Valide pour 1 membre seulement  Acc\u00e8s au directoire des membres  Infolettre du club  Acc\u00e8s aux billets d&#039;\u00e9v\u00e9nements  Achats de billets\/tables limit\u00e9s\" \/>\n<meta property=\"og:url\" content=\"https:\/\/tcmtl.com\/fr\/produit\/adhesion-retraitee\/\" \/>\n<meta property=\"og:site_name\" content=\"The Traffic Club of Montreal\" \/>\n<meta property=\"article:publisher\" content=\"https:\/\/www.facebook.com\/TCMTL\" \/>\n<meta property=\"article:modified_time\" content=\"2025-08-22T18:00:03+00:00\" \/>\n<meta name=\"twitter:card\" content=\"summary_large_image\" \/>\n<meta name=\"twitter:site\" content=\"@TCMTL1\" \/>\n<meta name=\"twitter:label1\" content=\"Estimation du temps de lecture\" \/>\n\t<meta name=\"twitter:data1\" content=\"1 minute\" \/>\n<script type=\"application\/ld+json\" class=\"yoast-schema-graph\">{\"@context\":\"https:\/\/schema.org\",\"@graph\":[{\"@type\":\"WebPage\",\"@id\":\"https:\/\/tcmtl.com\/fr\/produit\/adhesion-retraitee\/\",\"url\":\"https:\/\/tcmtl.com\/fr\/produit\/adhesion-retraitee\/\",\"name\":\"Adh\u00e9sion Retrait\u00e9e - The Traffic Club of Montreal\",\"isPartOf\":{\"@id\":\"http:\/\/tcmtl.com\/fr\/#website\"},\"datePublished\":\"2025-08-22T17:13:39+00:00\",\"dateModified\":\"2025-08-22T18:00:03+00:00\",\"breadcrumb\":{\"@id\":\"https:\/\/tcmtl.com\/fr\/produit\/adhesion-retraitee\/#breadcrumb\"},\"inLanguage\":\"fr-CA\",\"potentialAction\":[{\"@type\":\"ReadAction\",\"target\":[\"https:\/\/tcmtl.com\/fr\/produit\/adhesion-retraitee\/\"]}]},{\"@type\":\"BreadcrumbList\",\"@id\":\"https:\/\/tcmtl.com\/fr\/produit\/adhesion-retraitee\/#breadcrumb\",\"itemListElement\":[{\"@type\":\"ListItem\",\"position\":1,\"name\":\"Home\",\"item\":\"http:\/\/tcmtl.com\/fr\/\"},{\"@type\":\"ListItem\",\"position\":2,\"name\":\"L&#8217;adh\u00e9sion\",\"item\":\"http:\/\/tcmtl.com\/membership\/\"},{\"@type\":\"ListItem\",\"position\":3,\"name\":\"Adh\u00e9sion Retrait\u00e9e\"}]},{\"@type\":\"WebSite\",\"@id\":\"http:\/\/tcmtl.com\/fr\/#website\",\"url\":\"http:\/\/tcmtl.com\/fr\/\",\"name\":\"The Traffic Club of Montreal\",\"description\":\"\",\"publisher\":{\"@id\":\"http:\/\/tcmtl.com\/fr\/#organization\"},\"potentialAction\":[{\"@type\":\"SearchAction\",\"target\":{\"@type\":\"EntryPoint\",\"urlTemplate\":\"http:\/\/tcmtl.com\/fr\/?s={search_term_string}\"},\"query-input\":{\"@type\":\"PropertyValueSpecification\",\"valueRequired\":true,\"valueName\":\"search_term_string\"}}],\"inLanguage\":\"fr-CA\"},{\"@type\":\"Organization\",\"@id\":\"http:\/\/tcmtl.com\/fr\/#organization\",\"name\":\"The Traffic Club of Montreal\",\"url\":\"http:\/\/tcmtl.com\/fr\/\",\"logo\":{\"@type\":\"ImageObject\",\"inLanguage\":\"fr-CA\",\"@id\":\"http:\/\/tcmtl.com\/fr\/#\/schema\/logo\/image\/\",\"url\":\"https:\/\/tcmtl.com\/wp-content\/uploads\/2017\/12\/tcm-icon.png\",\"contentUrl\":\"https:\/\/tcmtl.com\/wp-content\/uploads\/2017\/12\/tcm-icon.png\",\"width\":175,\"height\":181,\"caption\":\"The Traffic Club of Montreal\"},\"image\":{\"@id\":\"http:\/\/tcmtl.com\/fr\/#\/schema\/logo\/image\/\"},\"sameAs\":[\"https:\/\/www.facebook.com\/TCMTL\",\"https:\/\/x.com\/TCMTL1\",\"https:\/\/www.linkedin.com\/company\/the-traffic-club-of-montreal\/\"]}]}<\/script>\n<!-- \/ Yoast SEO plugin. -->","yoast_head_json":{"title":"Adh\u00e9sion Retrait\u00e9e - The Traffic Club of Montreal","robots":{"index":"index","follow":"follow","max-snippet":"max-snippet:-1","max-image-preview":"max-image-preview:large","max-video-preview":"max-video-preview:-1"},"canonical":"https:\/\/tcmtl.com\/fr\/produit\/adhesion-retraitee\/","og_locale":"fr_CA","og_type":"article","og_title":"Adh\u00e9sion Retrait\u00e9e - The Traffic Club of Montreal","og_description":"Tarif d'adh\u00e9sion r\u00e9duit  Valide pour 1 membre seulement  Acc\u00e8s au directoire des membres  Infolettre du club  Acc\u00e8s aux billets d'\u00e9v\u00e9nements  Achats de billets\/tables limit\u00e9s","og_url":"https:\/\/tcmtl.com\/fr\/produit\/adhesion-retraitee\/","og_site_name":"The Traffic Club of Montreal","article_publisher":"https:\/\/www.facebook.com\/TCMTL","article_modified_time":"2025-08-22T18:00:03+00:00","twitter_card":"summary_large_image","twitter_site":"@TCMTL1","twitter_misc":{"Estimation du temps de lecture":"1 minute"},"schema":{"@context":"https:\/\/schema.org","@graph":[{"@type":"WebPage","@id":"https:\/\/tcmtl.com\/fr\/produit\/adhesion-retraitee\/","url":"https:\/\/tcmtl.com\/fr\/produit\/adhesion-retraitee\/","name":"Adh\u00e9sion Retrait\u00e9e - The Traffic Club of Montreal","isPartOf":{"@id":"http:\/\/tcmtl.com\/fr\/#website"},"datePublished":"2025-08-22T17:13:39+00:00","dateModified":"2025-08-22T18:00:03+00:00","breadcrumb":{"@id":"https:\/\/tcmtl.com\/fr\/produit\/adhesion-retraitee\/#breadcrumb"},"inLanguage":"fr-CA","potentialAction":[{"@type":"ReadAction","target":["https:\/\/tcmtl.com\/fr\/produit\/adhesion-retraitee\/"]}]},{"@type":"BreadcrumbList","@id":"https:\/\/tcmtl.com\/fr\/produit\/adhesion-retraitee\/#breadcrumb","itemListElement":[{"@type":"ListItem","position":1,"name":"Home","item":"http:\/\/tcmtl.com\/fr\/"},{"@type":"ListItem","position":2,"name":"L&#8217;adh\u00e9sion","item":"http:\/\/tcmtl.com\/membership\/"},{"@type":"ListItem","position":3,"name":"Adh\u00e9sion Retrait\u00e9e"}]},{"@type":"WebSite","@id":"http:\/\/tcmtl.com\/fr\/#website","url":"http:\/\/tcmtl.com\/fr\/","name":"The Traffic Club of Montreal","description":"","publisher":{"@id":"http:\/\/tcmtl.com\/fr\/#organization"},"potentialAction":[{"@type":"SearchAction","target":{"@type":"EntryPoint","urlTemplate":"http:\/\/tcmtl.com\/fr\/?s={search_term_string}"},"query-input":{"@type":"PropertyValueSpecification","valueRequired":true,"valueName":"search_term_string"}}],"inLanguage":"fr-CA"},{"@type":"Organization","@id":"http:\/\/tcmtl.com\/fr\/#organization","name":"The Traffic Club of Montreal","url":"http:\/\/tcmtl.com\/fr\/","logo":{"@type":"ImageObject","inLanguage":"fr-CA","@id":"http:\/\/tcmtl.com\/fr\/#\/schema\/logo\/image\/","url":"https:\/\/tcmtl.com\/wp-content\/uploads\/2017\/12\/tcm-icon.png","contentUrl":"https:\/\/tcmtl.com\/wp-content\/uploads\/2017\/12\/tcm-icon.png","width":175,"height":181,"caption":"The Traffic Club of Montreal"},"image":{"@id":"http:\/\/tcmtl.com\/fr\/#\/schema\/logo\/image\/"},"sameAs":["https:\/\/www.facebook.com\/TCMTL","https:\/\/x.com\/TCMTL1","https:\/\/www.linkedin.com\/company\/the-traffic-club-of-montreal\/"]}]}},"_links":{"self":[{"href":"https:\/\/tcmtl.com\/fr\/wp-json\/wp\/v2\/product\/7653","targetHints":{"allow":["GET"]}}],"collection":[{"href":"https:\/\/tcmtl.com\/fr\/wp-json\/wp\/v2\/product"}],"about":[{"href":"https:\/\/tcmtl.com\/fr\/wp-json\/wp\/v2\/types\/product"}],"wp:attachment":[{"href":"https:\/\/tcmtl.com\/fr\/wp-json\/wp\/v2\/media?parent=7653"}],"wp:term":[{"taxonomy":"product_brand","embeddable":true,"href":"https:\/\/tcmtl.com\/fr\/wp-json\/wp\/v2\/product_brand?post=7653"},{"taxonomy":"product_cat","embeddable":true,"href":"https:\/\/tcmtl.com\/fr\/wp-json\/wp\/v2\/product_cat?post=7653"},{"taxonomy":"product_tag","embeddable":true,"href":"https:\/\/tcmtl.com\/fr\/wp-json\/wp\/v2\/product_tag?post=7653"}],"curies":[{"name":"wp","href":"https:\/\/api.w.org\/{rel}","templated":true}]}}