{"id":5474,"date":"2015-03-11T14:01:00","date_gmt":"2015-03-11T18:01:00","guid":{"rendered":"https:\/\/trypmdev.com\/mtl\/la-mission\/bourse-detudes\/"},"modified":"2024-03-15T16:35:01","modified_gmt":"2024-03-15T20:35:01","slug":"bourse-detudes","status":"publish","type":"page","link":"https:\/\/tcmtl.com\/fr\/la-mission\/bourse-detudes\/","title":{"rendered":"Bourse d&#8217;\u00e9tudes"},"content":{"rendered":"","protected":false},"excerpt":{"rendered":"","protected":false},"author":1,"featured_media":0,"parent":5370,"menu_order":0,"comment_status":"open","ping_status":"open","template":"tpl-scholarship.php","meta":{"_acf_changed":false,"footnotes":""},"class_list":["post-5474","page","type-page","status-publish","hentry"],"acf":[],"yoast_head":"<!-- This site is optimized with the Yoast SEO plugin v27.2 - https:\/\/yoast.com\/product\/yoast-seo-wordpress\/ -->\n<title>Traffic Club of Montreal - Programmes de bourses d&#039;\u00e9tudes<\/title>\n<meta name=\"description\" content=\"D\u00e9couvrez nos programmes de bourses d&#039;\u00e9tudes pour les enfants des membres de la CTM qui forment la prochaine g\u00e9n\u00e9ration de l&#039;industrie de la cha\u00eene d&#039;approvisionnement.\" \/>\n<meta name=\"robots\" content=\"index, follow, max-snippet:-1, max-image-preview:large, max-video-preview:-1\" \/>\n<link rel=\"canonical\" href=\"https:\/\/tcmtl.com\/fr\/la-mission\/bourse-detudes\/\" \/>\n<meta property=\"og:locale\" content=\"fr_CA\" \/>\n<meta property=\"og:type\" content=\"article\" \/>\n<meta property=\"og:title\" content=\"Traffic Club of Montreal - Programmes de bourses d&#039;\u00e9tudes\" \/>\n<meta property=\"og:description\" content=\"D\u00e9couvrez nos programmes de bourses d&#039;\u00e9tudes pour les enfants des membres de la CTM qui forment la prochaine g\u00e9n\u00e9ration de l&#039;industrie de la cha\u00eene d&#039;approvisionnement.\" \/>\n<meta property=\"og:url\" content=\"https:\/\/tcmtl.com\/fr\/la-mission\/bourse-detudes\/\" \/>\n<meta property=\"og:site_name\" content=\"The Traffic Club of Montreal\" \/>\n<meta property=\"article:publisher\" content=\"https:\/\/www.facebook.com\/TCMTL\" \/>\n<meta property=\"article:modified_time\" content=\"2024-03-15T20:35:01+00:00\" \/>\n<meta name=\"twitter:card\" content=\"summary_large_image\" \/>\n<meta name=\"twitter:site\" content=\"@TCMTL1\" \/>\n<script type=\"application\/ld+json\" class=\"yoast-schema-graph\">{\"@context\":\"https:\/\/schema.org\",\"@graph\":[{\"@type\":\"WebPage\",\"@id\":\"https:\/\/tcmtl.com\/fr\/la-mission\/bourse-detudes\/\",\"url\":\"https:\/\/tcmtl.com\/fr\/la-mission\/bourse-detudes\/\",\"name\":\"Traffic Club of Montreal - Programmes de bourses d'\u00e9tudes\",\"isPartOf\":{\"@id\":\"http:\/\/tcmtl.com\/fr\/#website\"},\"datePublished\":\"2015-03-11T18:01:00+00:00\",\"dateModified\":\"2024-03-15T20:35:01+00:00\",\"description\":\"D\u00e9couvrez nos programmes de bourses d'\u00e9tudes pour les enfants des membres de la CTM qui forment la prochaine g\u00e9n\u00e9ration de l'industrie de la cha\u00eene d'approvisionnement.\",\"breadcrumb\":{\"@id\":\"https:\/\/tcmtl.com\/fr\/la-mission\/bourse-detudes\/#breadcrumb\"},\"inLanguage\":\"fr-CA\",\"potentialAction\":[{\"@type\":\"ReadAction\",\"target\":[\"https:\/\/tcmtl.com\/fr\/la-mission\/bourse-detudes\/\"]}]},{\"@type\":\"BreadcrumbList\",\"@id\":\"https:\/\/tcmtl.com\/fr\/la-mission\/bourse-detudes\/#breadcrumb\",\"itemListElement\":[{\"@type\":\"ListItem\",\"position\":1,\"name\":\"Home\",\"item\":\"http:\/\/tcmtl.com\/fr\/\"},{\"@type\":\"ListItem\",\"position\":2,\"name\":\"La mission\",\"item\":\"http:\/\/tcmtl.com\/fr\/mission\/\"},{\"@type\":\"ListItem\",\"position\":3,\"name\":\"Bourse d&#8217;\u00e9tudes\"}]},{\"@type\":\"WebSite\",\"@id\":\"http:\/\/tcmtl.com\/fr\/#website\",\"url\":\"http:\/\/tcmtl.com\/fr\/\",\"name\":\"The Traffic Club of Montreal\",\"description\":\"\",\"publisher\":{\"@id\":\"http:\/\/tcmtl.com\/fr\/#organization\"},\"potentialAction\":[{\"@type\":\"SearchAction\",\"target\":{\"@type\":\"EntryPoint\",\"urlTemplate\":\"http:\/\/tcmtl.com\/fr\/?s={search_term_string}\"},\"query-input\":{\"@type\":\"PropertyValueSpecification\",\"valueRequired\":true,\"valueName\":\"search_term_string\"}}],\"inLanguage\":\"fr-CA\"},{\"@type\":\"Organization\",\"@id\":\"http:\/\/tcmtl.com\/fr\/#organization\",\"name\":\"The Traffic Club of Montreal\",\"url\":\"http:\/\/tcmtl.com\/fr\/\",\"logo\":{\"@type\":\"ImageObject\",\"inLanguage\":\"fr-CA\",\"@id\":\"http:\/\/tcmtl.com\/fr\/#\/schema\/logo\/image\/\",\"url\":\"https:\/\/tcmtl.com\/wp-content\/uploads\/2017\/12\/tcm-icon.png\",\"contentUrl\":\"https:\/\/tcmtl.com\/wp-content\/uploads\/2017\/12\/tcm-icon.png\",\"width\":175,\"height\":181,\"caption\":\"The Traffic Club of Montreal\"},\"image\":{\"@id\":\"http:\/\/tcmtl.com\/fr\/#\/schema\/logo\/image\/\"},\"sameAs\":[\"https:\/\/www.facebook.com\/TCMTL\",\"https:\/\/x.com\/TCMTL1\",\"https:\/\/www.linkedin.com\/company\/the-traffic-club-of-montreal\/\"]}]}<\/script>\n<!-- \/ Yoast SEO plugin. -->","yoast_head_json":{"title":"Traffic Club of Montreal - Programmes de bourses d'\u00e9tudes","description":"D\u00e9couvrez nos programmes de bourses d'\u00e9tudes pour les enfants des membres de la CTM qui forment la prochaine g\u00e9n\u00e9ration de l'industrie de la cha\u00eene d'approvisionnement.","robots":{"index":"index","follow":"follow","max-snippet":"max-snippet:-1","max-image-preview":"max-image-preview:large","max-video-preview":"max-video-preview:-1"},"canonical":"https:\/\/tcmtl.com\/fr\/la-mission\/bourse-detudes\/","og_locale":"fr_CA","og_type":"article","og_title":"Traffic Club of Montreal - Programmes de bourses d'\u00e9tudes","og_description":"D\u00e9couvrez nos programmes de bourses d'\u00e9tudes pour les enfants des membres de la CTM qui forment la prochaine g\u00e9n\u00e9ration de l'industrie de la cha\u00eene d'approvisionnement.","og_url":"https:\/\/tcmtl.com\/fr\/la-mission\/bourse-detudes\/","og_site_name":"The Traffic Club of Montreal","article_publisher":"https:\/\/www.facebook.com\/TCMTL","article_modified_time":"2024-03-15T20:35:01+00:00","twitter_card":"summary_large_image","twitter_site":"@TCMTL1","schema":{"@context":"https:\/\/schema.org","@graph":[{"@type":"WebPage","@id":"https:\/\/tcmtl.com\/fr\/la-mission\/bourse-detudes\/","url":"https:\/\/tcmtl.com\/fr\/la-mission\/bourse-detudes\/","name":"Traffic Club of Montreal - Programmes de bourses d'\u00e9tudes","isPartOf":{"@id":"http:\/\/tcmtl.com\/fr\/#website"},"datePublished":"2015-03-11T18:01:00+00:00","dateModified":"2024-03-15T20:35:01+00:00","description":"D\u00e9couvrez nos programmes de bourses d'\u00e9tudes pour les enfants des membres de la CTM qui forment la prochaine g\u00e9n\u00e9ration de l'industrie de la cha\u00eene d'approvisionnement.","breadcrumb":{"@id":"https:\/\/tcmtl.com\/fr\/la-mission\/bourse-detudes\/#breadcrumb"},"inLanguage":"fr-CA","potentialAction":[{"@type":"ReadAction","target":["https:\/\/tcmtl.com\/fr\/la-mission\/bourse-detudes\/"]}]},{"@type":"BreadcrumbList","@id":"https:\/\/tcmtl.com\/fr\/la-mission\/bourse-detudes\/#breadcrumb","itemListElement":[{"@type":"ListItem","position":1,"name":"Home","item":"http:\/\/tcmtl.com\/fr\/"},{"@type":"ListItem","position":2,"name":"La mission","item":"http:\/\/tcmtl.com\/fr\/mission\/"},{"@type":"ListItem","position":3,"name":"Bourse d&#8217;\u00e9tudes"}]},{"@type":"WebSite","@id":"http:\/\/tcmtl.com\/fr\/#website","url":"http:\/\/tcmtl.com\/fr\/","name":"The Traffic Club of Montreal","description":"","publisher":{"@id":"http:\/\/tcmtl.com\/fr\/#organization"},"potentialAction":[{"@type":"SearchAction","target":{"@type":"EntryPoint","urlTemplate":"http:\/\/tcmtl.com\/fr\/?s={search_term_string}"},"query-input":{"@type":"PropertyValueSpecification","valueRequired":true,"valueName":"search_term_string"}}],"inLanguage":"fr-CA"},{"@type":"Organization","@id":"http:\/\/tcmtl.com\/fr\/#organization","name":"The Traffic Club of Montreal","url":"http:\/\/tcmtl.com\/fr\/","logo":{"@type":"ImageObject","inLanguage":"fr-CA","@id":"http:\/\/tcmtl.com\/fr\/#\/schema\/logo\/image\/","url":"https:\/\/tcmtl.com\/wp-content\/uploads\/2017\/12\/tcm-icon.png","contentUrl":"https:\/\/tcmtl.com\/wp-content\/uploads\/2017\/12\/tcm-icon.png","width":175,"height":181,"caption":"The Traffic Club of Montreal"},"image":{"@id":"http:\/\/tcmtl.com\/fr\/#\/schema\/logo\/image\/"},"sameAs":["https:\/\/www.facebook.com\/TCMTL","https:\/\/x.com\/TCMTL1","https:\/\/www.linkedin.com\/company\/the-traffic-club-of-montreal\/"]}]}},"_links":{"self":[{"href":"https:\/\/tcmtl.com\/fr\/wp-json\/wp\/v2\/pages\/5474","targetHints":{"allow":["GET"]}}],"collection":[{"href":"https:\/\/tcmtl.com\/fr\/wp-json\/wp\/v2\/pages"}],"about":[{"href":"https:\/\/tcmtl.com\/fr\/wp-json\/wp\/v2\/types\/page"}],"author":[{"embeddable":true,"href":"https:\/\/tcmtl.com\/fr\/wp-json\/wp\/v2\/users\/1"}],"replies":[{"embeddable":true,"href":"https:\/\/tcmtl.com\/fr\/wp-json\/wp\/v2\/comments?post=5474"}],"version-history":[{"count":1,"href":"https:\/\/tcmtl.com\/fr\/wp-json\/wp\/v2\/pages\/5474\/revisions"}],"predecessor-version":[{"id":5475,"href":"https:\/\/tcmtl.com\/fr\/wp-json\/wp\/v2\/pages\/5474\/revisions\/5475"}],"up":[{"embeddable":true,"href":"https:\/\/tcmtl.com\/fr\/wp-json\/wp\/v2\/pages\/5370"}],"wp:attachment":[{"href":"https:\/\/tcmtl.com\/fr\/wp-json\/wp\/v2\/media?parent=5474"}],"curies":[{"name":"wp","href":"https:\/\/api.w.org\/{rel}","templated":true}]}}