{"id":5370,"date":"2015-01-30T16:46:34","date_gmt":"2015-01-30T21:46:34","guid":{"rendered":"https:\/\/trypmdev.com\/mtl\/la-mission\/"},"modified":"2024-03-15T16:31:58","modified_gmt":"2024-03-15T20:31:58","slug":"la-mission","status":"publish","type":"page","link":"https:\/\/tcmtl.com\/fr\/la-mission\/","title":{"rendered":"La mission"},"content":{"rendered":"","protected":false},"excerpt":{"rendered":"","protected":false},"author":1,"featured_media":0,"parent":0,"menu_order":0,"comment_status":"open","ping_status":"closed","template":"tpl-mission.php","meta":{"_acf_changed":false,"footnotes":""},"class_list":["post-5370","page","type-page","status-publish","hentry"],"acf":[],"yoast_head":"<!-- This site is optimized with the Yoast SEO plugin v27.2 - https:\/\/yoast.com\/product\/yoast-seo-wordpress\/ -->\n<title>Traffic Club de Montr\u00e9al Mission | Supply Chain Networking<\/title>\n<meta name=\"description\" content=\"Nous visons \u00e0 renforcer la connectivit\u00e9 au sein de l&#039;industrie de la cha\u00eene d&#039;approvisionnement gr\u00e2ce \u00e0 un acc\u00e8s exclusif \u00e0 des \u00e9v\u00e9nements de mise en r\u00e9seau, \u00e0 un annuaire des membres et \u00e0 bien d&#039;autres choses encore !\" \/>\n<meta name=\"robots\" content=\"index, follow, max-snippet:-1, max-image-preview:large, max-video-preview:-1\" \/>\n<link rel=\"canonical\" href=\"https:\/\/tcmtl.com\/fr\/la-mission\/\" \/>\n<meta property=\"og:locale\" content=\"fr_CA\" \/>\n<meta property=\"og:type\" content=\"article\" \/>\n<meta property=\"og:title\" content=\"Traffic Club de Montr\u00e9al Mission | Supply Chain Networking\" \/>\n<meta property=\"og:description\" content=\"Nous visons \u00e0 renforcer la connectivit\u00e9 au sein de l&#039;industrie de la cha\u00eene d&#039;approvisionnement gr\u00e2ce \u00e0 un acc\u00e8s exclusif \u00e0 des \u00e9v\u00e9nements de mise en r\u00e9seau, \u00e0 un annuaire des membres et \u00e0 bien d&#039;autres choses encore !\" \/>\n<meta property=\"og:url\" content=\"https:\/\/tcmtl.com\/fr\/la-mission\/\" \/>\n<meta property=\"og:site_name\" content=\"The Traffic Club of Montreal\" \/>\n<meta property=\"article:publisher\" content=\"https:\/\/www.facebook.com\/TCMTL\" \/>\n<meta property=\"article:modified_time\" content=\"2024-03-15T20:31:58+00:00\" \/>\n<meta name=\"twitter:card\" content=\"summary_large_image\" \/>\n<meta name=\"twitter:site\" content=\"@TCMTL1\" \/>\n<script type=\"application\/ld+json\" class=\"yoast-schema-graph\">{\"@context\":\"https:\/\/schema.org\",\"@graph\":[{\"@type\":\"WebPage\",\"@id\":\"https:\/\/tcmtl.com\/fr\/la-mission\/\",\"url\":\"https:\/\/tcmtl.com\/fr\/la-mission\/\",\"name\":\"Traffic Club de Montr\u00e9al Mission | Supply Chain Networking\",\"isPartOf\":{\"@id\":\"http:\/\/tcmtl.com\/fr\/#website\"},\"datePublished\":\"2015-01-30T21:46:34+00:00\",\"dateModified\":\"2024-03-15T20:31:58+00:00\",\"description\":\"Nous visons \u00e0 renforcer la connectivit\u00e9 au sein de l'industrie de la cha\u00eene d'approvisionnement gr\u00e2ce \u00e0 un acc\u00e8s exclusif \u00e0 des \u00e9v\u00e9nements de mise en r\u00e9seau, \u00e0 un annuaire des membres et \u00e0 bien d'autres choses encore !\",\"breadcrumb\":{\"@id\":\"https:\/\/tcmtl.com\/fr\/la-mission\/#breadcrumb\"},\"inLanguage\":\"fr-CA\",\"potentialAction\":[{\"@type\":\"ReadAction\",\"target\":[\"https:\/\/tcmtl.com\/fr\/la-mission\/\"]}]},{\"@type\":\"BreadcrumbList\",\"@id\":\"https:\/\/tcmtl.com\/fr\/la-mission\/#breadcrumb\",\"itemListElement\":[{\"@type\":\"ListItem\",\"position\":1,\"name\":\"Home\",\"item\":\"http:\/\/tcmtl.com\/fr\/\"},{\"@type\":\"ListItem\",\"position\":2,\"name\":\"La mission\"}]},{\"@type\":\"WebSite\",\"@id\":\"http:\/\/tcmtl.com\/fr\/#website\",\"url\":\"http:\/\/tcmtl.com\/fr\/\",\"name\":\"The Traffic Club of Montreal\",\"description\":\"\",\"publisher\":{\"@id\":\"http:\/\/tcmtl.com\/fr\/#organization\"},\"potentialAction\":[{\"@type\":\"SearchAction\",\"target\":{\"@type\":\"EntryPoint\",\"urlTemplate\":\"http:\/\/tcmtl.com\/fr\/?s={search_term_string}\"},\"query-input\":{\"@type\":\"PropertyValueSpecification\",\"valueRequired\":true,\"valueName\":\"search_term_string\"}}],\"inLanguage\":\"fr-CA\"},{\"@type\":\"Organization\",\"@id\":\"http:\/\/tcmtl.com\/fr\/#organization\",\"name\":\"The Traffic Club of Montreal\",\"url\":\"http:\/\/tcmtl.com\/fr\/\",\"logo\":{\"@type\":\"ImageObject\",\"inLanguage\":\"fr-CA\",\"@id\":\"http:\/\/tcmtl.com\/fr\/#\/schema\/logo\/image\/\",\"url\":\"https:\/\/tcmtl.com\/wp-content\/uploads\/2017\/12\/tcm-icon.png\",\"contentUrl\":\"https:\/\/tcmtl.com\/wp-content\/uploads\/2017\/12\/tcm-icon.png\",\"width\":175,\"height\":181,\"caption\":\"The Traffic Club of Montreal\"},\"image\":{\"@id\":\"http:\/\/tcmtl.com\/fr\/#\/schema\/logo\/image\/\"},\"sameAs\":[\"https:\/\/www.facebook.com\/TCMTL\",\"https:\/\/x.com\/TCMTL1\",\"https:\/\/www.linkedin.com\/company\/the-traffic-club-of-montreal\/\"]}]}<\/script>\n<!-- \/ Yoast SEO plugin. -->","yoast_head_json":{"title":"Traffic Club de Montr\u00e9al Mission | Supply Chain Networking","description":"Nous visons \u00e0 renforcer la connectivit\u00e9 au sein de l'industrie de la cha\u00eene d'approvisionnement gr\u00e2ce \u00e0 un acc\u00e8s exclusif \u00e0 des \u00e9v\u00e9nements de mise en r\u00e9seau, \u00e0 un annuaire des membres et \u00e0 bien d'autres choses encore !","robots":{"index":"index","follow":"follow","max-snippet":"max-snippet:-1","max-image-preview":"max-image-preview:large","max-video-preview":"max-video-preview:-1"},"canonical":"https:\/\/tcmtl.com\/fr\/la-mission\/","og_locale":"fr_CA","og_type":"article","og_title":"Traffic Club de Montr\u00e9al Mission | Supply Chain Networking","og_description":"Nous visons \u00e0 renforcer la connectivit\u00e9 au sein de l'industrie de la cha\u00eene d'approvisionnement gr\u00e2ce \u00e0 un acc\u00e8s exclusif \u00e0 des \u00e9v\u00e9nements de mise en r\u00e9seau, \u00e0 un annuaire des membres et \u00e0 bien d'autres choses encore !","og_url":"https:\/\/tcmtl.com\/fr\/la-mission\/","og_site_name":"The Traffic Club of Montreal","article_publisher":"https:\/\/www.facebook.com\/TCMTL","article_modified_time":"2024-03-15T20:31:58+00:00","twitter_card":"summary_large_image","twitter_site":"@TCMTL1","schema":{"@context":"https:\/\/schema.org","@graph":[{"@type":"WebPage","@id":"https:\/\/tcmtl.com\/fr\/la-mission\/","url":"https:\/\/tcmtl.com\/fr\/la-mission\/","name":"Traffic Club de Montr\u00e9al Mission | Supply Chain Networking","isPartOf":{"@id":"http:\/\/tcmtl.com\/fr\/#website"},"datePublished":"2015-01-30T21:46:34+00:00","dateModified":"2024-03-15T20:31:58+00:00","description":"Nous visons \u00e0 renforcer la connectivit\u00e9 au sein de l'industrie de la cha\u00eene d'approvisionnement gr\u00e2ce \u00e0 un acc\u00e8s exclusif \u00e0 des \u00e9v\u00e9nements de mise en r\u00e9seau, \u00e0 un annuaire des membres et \u00e0 bien d'autres choses encore !","breadcrumb":{"@id":"https:\/\/tcmtl.com\/fr\/la-mission\/#breadcrumb"},"inLanguage":"fr-CA","potentialAction":[{"@type":"ReadAction","target":["https:\/\/tcmtl.com\/fr\/la-mission\/"]}]},{"@type":"BreadcrumbList","@id":"https:\/\/tcmtl.com\/fr\/la-mission\/#breadcrumb","itemListElement":[{"@type":"ListItem","position":1,"name":"Home","item":"http:\/\/tcmtl.com\/fr\/"},{"@type":"ListItem","position":2,"name":"La mission"}]},{"@type":"WebSite","@id":"http:\/\/tcmtl.com\/fr\/#website","url":"http:\/\/tcmtl.com\/fr\/","name":"The Traffic Club of Montreal","description":"","publisher":{"@id":"http:\/\/tcmtl.com\/fr\/#organization"},"potentialAction":[{"@type":"SearchAction","target":{"@type":"EntryPoint","urlTemplate":"http:\/\/tcmtl.com\/fr\/?s={search_term_string}"},"query-input":{"@type":"PropertyValueSpecification","valueRequired":true,"valueName":"search_term_string"}}],"inLanguage":"fr-CA"},{"@type":"Organization","@id":"http:\/\/tcmtl.com\/fr\/#organization","name":"The Traffic Club of Montreal","url":"http:\/\/tcmtl.com\/fr\/","logo":{"@type":"ImageObject","inLanguage":"fr-CA","@id":"http:\/\/tcmtl.com\/fr\/#\/schema\/logo\/image\/","url":"https:\/\/tcmtl.com\/wp-content\/uploads\/2017\/12\/tcm-icon.png","contentUrl":"https:\/\/tcmtl.com\/wp-content\/uploads\/2017\/12\/tcm-icon.png","width":175,"height":181,"caption":"The Traffic Club of Montreal"},"image":{"@id":"http:\/\/tcmtl.com\/fr\/#\/schema\/logo\/image\/"},"sameAs":["https:\/\/www.facebook.com\/TCMTL","https:\/\/x.com\/TCMTL1","https:\/\/www.linkedin.com\/company\/the-traffic-club-of-montreal\/"]}]}},"_links":{"self":[{"href":"https:\/\/tcmtl.com\/fr\/wp-json\/wp\/v2\/pages\/5370","targetHints":{"allow":["GET"]}}],"collection":[{"href":"https:\/\/tcmtl.com\/fr\/wp-json\/wp\/v2\/pages"}],"about":[{"href":"https:\/\/tcmtl.com\/fr\/wp-json\/wp\/v2\/types\/page"}],"author":[{"embeddable":true,"href":"https:\/\/tcmtl.com\/fr\/wp-json\/wp\/v2\/users\/1"}],"replies":[{"embeddable":true,"href":"https:\/\/tcmtl.com\/fr\/wp-json\/wp\/v2\/comments?post=5370"}],"version-history":[{"count":2,"href":"https:\/\/tcmtl.com\/fr\/wp-json\/wp\/v2\/pages\/5370\/revisions"}],"predecessor-version":[{"id":5376,"href":"https:\/\/tcmtl.com\/fr\/wp-json\/wp\/v2\/pages\/5370\/revisions\/5376"}],"wp:attachment":[{"href":"https:\/\/tcmtl.com\/fr\/wp-json\/wp\/v2\/media?parent=5370"}],"curies":[{"name":"wp","href":"https:\/\/api.w.org\/{rel}","templated":true}]}}